{"id":49,"date":"2024-03-11T08:34:55","date_gmt":"2024-03-11T08:34:55","guid":{"rendered":"https:\/\/test.pinno-pizza.de\/?page_id=49"},"modified":"2025-03-14T21:21:00","modified_gmt":"2025-03-14T21:21:00","slug":"%d8%ae%d8%af%d9%85%d8%a7%d8%aa%d9%86%d8%a7","status":"publish","type":"page","link":"https:\/\/autogocity.com\/de\/%d8%ae%d8%af%d9%85%d8%a7%d8%aa%d9%86%d8%a7","title":{"rendered":"Unsere Leistungen"},"content":{"rendered":"<div data-elementor-type=\"wp-page\" data-elementor-id=\"49\" class=\"elementor elementor-49\">\n\t\t\t\t<div class=\"elementor-element elementor-element-cb4a99e e-con-full e-flex e-con e-parent\" data-id=\"cb4a99e\" data-element_type=\"container\" data-settings=\"{&quot;background_background&quot;:&quot;classic&quot;}\">\n\t\t<div class=\"elementor-element elementor-element-34aef19 e-flex e-con-boxed e-con e-child\" data-id=\"34aef19\" data-element_type=\"container\">\n\t\t\t\t\t<div class=\"e-con-inner\">\n\t\t\t\t<div class=\"elementor-element elementor-element-5ac9802 animated-slow elementor-widget elementor-widget-heading\" data-id=\"5ac9802\" data-element_type=\"widget\" data-settings=\"{&quot;_animation&quot;:&quot;none&quot;}\" data-widget_type=\"heading.default\">\n\t\t\t\t<div class=\"elementor-widget-container\">\n\t\t\t\t\t<h1 class=\"elementor-heading-title elementor-size-default\">Dienstleistungen von Auto Go City<\/h1>\t\t\t\t<\/div>\n\t\t\t\t<\/div>\n\t\t\t\t\t<\/div>\n\t\t\t\t<\/div>\n\t\t<div class=\"elementor-element elementor-element-44a6a90 e-flex e-con-boxed e-con e-child\" data-id=\"44a6a90\" data-element_type=\"container\">\n\t\t\t\t\t<div class=\"e-con-inner\">\n\t\t\t\t<div class=\"elementor-element elementor-element-6368bac animated-slow elementor-widget elementor-widget-button\" data-id=\"6368bac\" data-element_type=\"widget\" data-settings=\"{&quot;_animation&quot;:&quot;none&quot;,&quot;_animation_delay&quot;:250}\" data-widget_type=\"button.default\">\n\t\t\t\t<div class=\"elementor-widget-container\">\n\t\t\t\t\t\t\t\t\t<div class=\"elementor-button-wrapper\">\n\t\t\t\t\t<a class=\"elementor-button elementor-button-link elementor-size-sm elementor-animation-float\" href=\"http:\/\/autogocity.com\/de\/%d8%aa%d9%88%d8%a7%d8%b5%d9%84-%d9%85%d8%b9%d9%86%d8%a7\/\">\n\t\t\t\t\t\t<span class=\"elementor-button-content-wrapper\">\n\t\t\t\t\t\t\t\t\t<span class=\"elementor-button-text\">Kontaktieren Sie uns<\/span>\n\t\t\t\t\t<\/span>\n\t\t\t\t\t<\/a>\n\t\t\t\t<\/div>\n\t\t\t\t\t\t\t\t<\/div>\n\t\t\t\t<\/div>\n\t\t\t\t<div class=\"elementor-element elementor-element-910d9f2 animated-slow elementor-widget elementor-widget-button\" data-id=\"910d9f2\" data-element_type=\"widget\" data-settings=\"{&quot;_animation&quot;:&quot;none&quot;,&quot;_animation_delay&quot;:200}\" data-widget_type=\"button.default\">\n\t\t\t\t<div class=\"elementor-widget-container\">\n\t\t\t\t\t\t\t\t\t<div class=\"elementor-button-wrapper\">\n\t\t\t\t\t<a class=\"elementor-button elementor-button-link elementor-size-sm elementor-animation-float\" href=\"https:\/\/wa.me\/4915259555000\">\n\t\t\t\t\t\t<span class=\"elementor-button-content-wrapper\">\n\t\t\t\t\t\t\t\t\t<span class=\"elementor-button-text\">Kontaktieren Sie uns per WhatsApp<\/span>\n\t\t\t\t\t<\/span>\n\t\t\t\t\t<\/a>\n\t\t\t\t<\/div>\n\t\t\t\t\t\t\t\t<\/div>\n\t\t\t\t<\/div>\n\t\t\t\t\t<\/div>\n\t\t\t\t<\/div>\n\t\t\t\t<\/div>\n\t\t<div class=\"elementor-element elementor-element-2435a0f e-con-full e-flex e-con e-parent\" data-id=\"2435a0f\" data-element_type=\"container\" id=\"with\" data-settings=\"{&quot;background_background&quot;:&quot;classic&quot;}\">\n\t\t<div class=\"elementor-element elementor-element-b9d13e2 e-flex e-con-boxed e-con e-child\" data-id=\"b9d13e2\" data-element_type=\"container\">\n\t\t\t\t\t<div class=\"e-con-inner\">\n\t\t\t\t<div class=\"elementor-element elementor-element-14e2f19 animated-slow elementor-widget elementor-widget-heading\" data-id=\"14e2f19\" data-element_type=\"widget\" data-settings=\"{&quot;_animation&quot;:&quot;none&quot;}\" data-widget_type=\"heading.default\">\n\t\t\t\t<div class=\"elementor-widget-container\">\n\t\t\t\t\t<h2 class=\"elementor-heading-title elementor-size-default\">Autovermietung mit Chauffeur \u2013 Ihre Reise, Ihr Komfort und Ihr Luxus in sicheren H\u00e4nden!<\/h2>\t\t\t\t<\/div>\n\t\t\t\t<\/div>\n\t\t\t\t<div class=\"elementor-element elementor-element-faa4e7b animated-slow elementor-widget-divider--view-line elementor-widget elementor-widget-divider\" data-id=\"faa4e7b\" data-element_type=\"widget\" data-settings=\"{&quot;_animation&quot;:&quot;none&quot;}\" data-widget_type=\"divider.default\">\n\t\t\t\t<div class=\"elementor-widget-container\">\n\t\t\t\t\t\t\t<div class=\"elementor-divider\">\n\t\t\t<span class=\"elementor-divider-separator\">\n\t\t\t\t\t\t<\/span>\n\t\t<\/div>\n\t\t\t\t\t\t<\/div>\n\t\t\t\t<\/div>\n\t\t\t\t<div class=\"elementor-element elementor-element-f2a05ed animated-slow elementor-widget elementor-widget-text-editor\" data-id=\"f2a05ed\" data-element_type=\"widget\" data-settings=\"{&quot;_animation&quot;:&quot;none&quot;}\" data-widget_type=\"text-editor.default\">\n\t\t\t\t<div class=\"elementor-widget-container\">\n\t\t\t\t\t\t\t\t\t<p>Genie\u00dfen Sie eine luxuri\u00f6se und komfortable Reise mit dem Chauffeurservice von Auto Go City, wo wir Ihnen professionelle Fahrer zur Verf\u00fcgung stellen, um ein au\u00dfergew\u00f6hnliches Mobilit\u00e4tserlebnis nach h\u00f6chsten Standards von Qualit\u00e4t und Sicherheit zu gew\u00e4hrleisten. Ob f\u00fcr Gesch\u00e4ftsreisen, Sightseeing-Touren oder elegante Transportl\u00f6sungen f\u00fcr besondere Anl\u00e4sse \u2013 wir bieten Ihnen einen Service, der speziell auf Ihre Bed\u00fcrfnisse abgestimmt ist und h\u00f6chste Professionalit\u00e4t garantiert.<\/p>\t\t\t\t\t\t\t\t<\/div>\n\t\t\t\t<\/div>\n\t\t\t\t\t<\/div>\n\t\t\t\t<\/div>\n\t\t<div class=\"elementor-element elementor-element-5bc0679 e-flex e-con-boxed e-con e-child\" data-id=\"5bc0679\" data-element_type=\"container\">\n\t\t\t\t\t<div class=\"e-con-inner\">\n\t\t\t\t<div class=\"elementor-element elementor-element-c175b73 animated-slow elementor-widget elementor-widget-image\" data-id=\"c175b73\" data-element_type=\"widget\" data-settings=\"{&quot;_animation&quot;:&quot;none&quot;,&quot;_animation_delay&quot;:250}\" data-widget_type=\"image.default\">\n\t\t\t\t<div class=\"elementor-widget-container\">\n\t\t\t\t\t\t\t\t\t\t\t\t\t\t\t<img fetchpriority=\"high\" decoding=\"async\" width=\"2000\" height=\"1334\" src=\"https:\/\/autogocity.com\/wp-content\/uploads\/2024\/05\/2149204552.jpg\" class=\"attachment-full size-full wp-image-2401\" alt=\"\" srcset=\"https:\/\/autogocity.com\/wp-content\/uploads\/2024\/05\/2149204552.jpg 2000w, https:\/\/autogocity.com\/wp-content\/uploads\/2024\/05\/2149204552-300x200.jpg 300w, https:\/\/autogocity.com\/wp-content\/uploads\/2024\/05\/2149204552-1024x683.jpg 1024w, https:\/\/autogocity.com\/wp-content\/uploads\/2024\/05\/2149204552-768x512.jpg 768w, https:\/\/autogocity.com\/wp-content\/uploads\/2024\/05\/2149204552-1536x1025.jpg 1536w, https:\/\/autogocity.com\/wp-content\/uploads\/2024\/05\/2149204552-18x12.jpg 18w, https:\/\/autogocity.com\/wp-content\/uploads\/2024\/05\/2149204552-930x620.jpg 930w\" sizes=\"(max-width: 2000px) 100vw, 2000px\" \/>\t\t\t\t\t\t\t\t\t\t\t\t\t\t\t<\/div>\n\t\t\t\t<\/div>\n\t\t\t\t\t<\/div>\n\t\t\t\t<\/div>\n\t\t\t\t<\/div>\n\t\t<div class=\"elementor-element elementor-element-4639157 e-con-full e-flex e-con e-parent\" data-id=\"4639157\" data-element_type=\"container\" data-settings=\"{&quot;background_background&quot;:&quot;classic&quot;}\">\n\t\t<div class=\"elementor-element elementor-element-4ca4aca e-con-full e-flex e-con e-child\" data-id=\"4ca4aca\" data-element_type=\"container\">\n\t\t<div class=\"elementor-element elementor-element-186f6d3 e-con-full e-flex e-con e-child\" data-id=\"186f6d3\" data-element_type=\"container\">\n\t\t\t\t<div class=\"elementor-element elementor-element-690d128 animated-slow elementor-widget elementor-widget-heading\" data-id=\"690d128\" data-element_type=\"widget\" data-settings=\"{&quot;_animation&quot;:&quot;none&quot;}\" data-widget_type=\"heading.default\">\n\t\t\t\t<div class=\"elementor-widget-container\">\n\t\t\t\t\t<h2 class=\"elementor-heading-title elementor-size-default\">Warum sollten Sie den Chauffeurservice von Auto Go City w\u00e4hlen?<\/h2>\t\t\t\t<\/div>\n\t\t\t\t<\/div>\n\t\t\t\t<div class=\"elementor-element elementor-element-f40e753 animated-slow elementor-widget-divider--view-line elementor-widget elementor-widget-divider\" data-id=\"f40e753\" data-element_type=\"widget\" data-settings=\"{&quot;_animation&quot;:&quot;none&quot;}\" data-widget_type=\"divider.default\">\n\t\t\t\t<div class=\"elementor-widget-container\">\n\t\t\t\t\t\t\t<div class=\"elementor-divider\">\n\t\t\t<span class=\"elementor-divider-separator\">\n\t\t\t\t\t\t<\/span>\n\t\t<\/div>\n\t\t\t\t\t\t<\/div>\n\t\t\t\t<\/div>\n\t\t\t\t<div class=\"elementor-element elementor-element-62f2707 animated-slow elementor-widget elementor-widget-text-editor\" data-id=\"62f2707\" data-element_type=\"widget\" data-settings=\"{&quot;_animation&quot;:&quot;none&quot;}\" data-widget_type=\"text-editor.default\">\n\t\t\t\t<div class=\"elementor-widget-container\">\n\t\t\t\t\t\t\t\t\t\u2714 Professionelle und erfahrene Fahrer: Alle unsere Fahrer verf\u00fcgen \u00fcber hohe Fachkompetenz und umfassende Stra\u00dfenkenntnisse, was Ihnen eine schnelle und sichere Ankunft garantiert.\n<\/br>\n\u2714 Komfort ohne Aufwand: Vermeiden Sie die M\u00fche des Fahrens, den Stra\u00dfenverkehr und die Parkplatzsuche \u2013 lassen Sie unseren Chauffeur alles \u00fcbernehmen, w\u00e4hrend Sie Ihre Reise genie\u00dfen.\n<\/br>\n\u2714 Vielseitige Flotte f\u00fcr alle Anl\u00e4sse: W\u00e4hlen Sie aus einer Vielzahl von Luxusfahrzeugen, Gesch\u00e4ftsautos, Familienwagen oder VIP-Fahrzeugen, je nach Ihren Bed\u00fcrfnissen.\n<\/br>\n\u2714 Rund-um-die-Uhr-Service: Wir sind jederzeit und \u00fcberall f\u00fcr Sie da, sei es w\u00e4hrend der Gesch\u00e4ftszeiten oder zu sp\u00e4ter Stunde w\u00e4hrend Ihrer Reisen.\n<\/br>\n\u2714 Einfache und schnelle Buchung: Sie k\u00f6nnen ganz einfach \u00fcber das Kontaktformular auf unserer Website oder \u00fcber WhatsApp buchen, und wir k\u00fcmmern uns in wenigen Minuten um alles!\t\t\t\t\t\t\t\t<\/div>\n\t\t\t\t<\/div>\n\t\t\t\t<\/div>\n\t\t\t\t<\/div>\n\t\t\t\t<\/div>\n\t\t<div class=\"elementor-element elementor-element-23ef91f e-con-full e-flex e-con e-parent\" data-id=\"23ef91f\" data-element_type=\"container\" id=\"without\">\n\t\t<div class=\"elementor-element elementor-element-a886426 e-flex e-con-boxed e-con e-child\" data-id=\"a886426\" data-element_type=\"container\">\n\t\t\t\t\t<div class=\"e-con-inner\">\n\t\t\t\t<div class=\"elementor-element elementor-element-db5b0f0 animated-slow elementor-widget elementor-widget-heading\" data-id=\"db5b0f0\" data-element_type=\"widget\" data-settings=\"{&quot;_animation&quot;:&quot;none&quot;}\" data-widget_type=\"heading.default\">\n\t\t\t\t<div class=\"elementor-widget-container\">\n\t\t\t\t\t<h2 class=\"elementor-heading-title elementor-size-default\">Autovermietung ohne Chauffeur \u2013 Freiheit der Mobilit\u00e4t nach Ihrem eigenen Stil!<\/h2>\t\t\t\t<\/div>\n\t\t\t\t<\/div>\n\t\t\t\t<div class=\"elementor-element elementor-element-6378512 animated-slow elementor-widget-divider--view-line elementor-widget elementor-widget-divider\" data-id=\"6378512\" data-element_type=\"widget\" data-settings=\"{&quot;_animation&quot;:&quot;none&quot;}\" data-widget_type=\"divider.default\">\n\t\t\t\t<div class=\"elementor-widget-container\">\n\t\t\t\t\t\t\t<div class=\"elementor-divider\">\n\t\t\t<span class=\"elementor-divider-separator\">\n\t\t\t\t\t\t<\/span>\n\t\t<\/div>\n\t\t\t\t\t\t<\/div>\n\t\t\t\t<\/div>\n\t\t\t\t<div class=\"elementor-element elementor-element-0b86d58 animated-slow elementor-widget elementor-widget-text-editor\" data-id=\"0b86d58\" data-element_type=\"widget\" data-settings=\"{&quot;_animation&quot;:&quot;none&quot;}\" data-widget_type=\"text-editor.default\">\n\t\t\t\t<div class=\"elementor-widget-container\">\n\t\t\t\t\t\t\t\t\t<p>Mit dem Service der Autovermietung ohne Chauffeur von Auto Go City genie\u00dfen Sie v\u00f6llige Freiheit in der Mobilit\u00e4t nach Ihrem eigenen Zeitplan, ohne Einschr\u00e4nkungen. Ob Sie ein elegantes Auto f\u00fcr gesch\u00e4ftliche Zwecke, ein Familienfahrzeug f\u00fcr einen angenehmen Ausflug oder ein Sportwagen f\u00fcr ein besonderes Fahrerlebnis ben\u00f6tigen, wir bieten Ihnen eine vielf\u00e4ltige Flotte moderner Fahrzeuge, die all Ihre Bed\u00fcrfnisse erf\u00fcllen, mit v\u00f6lliger Flexibilit\u00e4t bei der Buchung und Abholung.<\/p>\t\t\t\t\t\t\t\t<\/div>\n\t\t\t\t<\/div>\n\t\t\t\t\t<\/div>\n\t\t\t\t<\/div>\n\t\t<div class=\"elementor-element elementor-element-ff37bc3 e-flex e-con-boxed e-con e-child\" data-id=\"ff37bc3\" data-element_type=\"container\">\n\t\t\t\t\t<div class=\"e-con-inner\">\n\t\t\t\t<div class=\"elementor-element elementor-element-75ce484 animated-slow elementor-widget elementor-widget-image\" data-id=\"75ce484\" data-element_type=\"widget\" data-settings=\"{&quot;_animation&quot;:&quot;none&quot;,&quot;_animation_delay&quot;:250}\" data-widget_type=\"image.default\">\n\t\t\t\t<div class=\"elementor-widget-container\">\n\t\t\t\t\t\t\t\t\t\t\t\t\t\t\t<img decoding=\"async\" width=\"2000\" height=\"1333\" src=\"https:\/\/autogocity.com\/wp-content\/uploads\/2025\/03\/2149901423.jpg\" class=\"attachment-full size-full wp-image-3041\" alt=\"\" srcset=\"https:\/\/autogocity.com\/wp-content\/uploads\/2025\/03\/2149901423.jpg 2000w, https:\/\/autogocity.com\/wp-content\/uploads\/2025\/03\/2149901423-300x200.jpg 300w, https:\/\/autogocity.com\/wp-content\/uploads\/2025\/03\/2149901423-1024x682.jpg 1024w, https:\/\/autogocity.com\/wp-content\/uploads\/2025\/03\/2149901423-768x512.jpg 768w, https:\/\/autogocity.com\/wp-content\/uploads\/2025\/03\/2149901423-1536x1024.jpg 1536w, https:\/\/autogocity.com\/wp-content\/uploads\/2025\/03\/2149901423-18x12.jpg 18w\" sizes=\"(max-width: 2000px) 100vw, 2000px\" \/>\t\t\t\t\t\t\t\t\t\t\t\t\t\t\t<\/div>\n\t\t\t\t<\/div>\n\t\t\t\t\t<\/div>\n\t\t\t\t<\/div>\n\t\t\t\t<\/div>\n\t\t<div class=\"elementor-element elementor-element-aa0dab1 e-con-full e-flex e-con e-parent\" data-id=\"aa0dab1\" data-element_type=\"container\">\n\t\t<div class=\"elementor-element elementor-element-8cf4771 e-con-full e-flex e-con e-child\" data-id=\"8cf4771\" data-element_type=\"container\" data-settings=\"{&quot;background_background&quot;:&quot;classic&quot;}\">\n\t\t<div class=\"elementor-element elementor-element-5b5d56d e-con-full e-flex e-con e-child\" data-id=\"5b5d56d\" data-element_type=\"container\">\n\t\t\t\t<div class=\"elementor-element elementor-element-49621c3 animated-slow elementor-widget elementor-widget-heading\" data-id=\"49621c3\" data-element_type=\"widget\" data-settings=\"{&quot;_animation&quot;:&quot;none&quot;}\" data-widget_type=\"heading.default\">\n\t\t\t\t<div class=\"elementor-widget-container\">\n\t\t\t\t\t<h2 class=\"elementor-heading-title elementor-size-default\">Warum sollten Sie ein Auto ohne Chauffeur von Auto Go City mieten?<\/h2>\t\t\t\t<\/div>\n\t\t\t\t<\/div>\n\t\t\t\t<div class=\"elementor-element elementor-element-5ea4ea4 animated-slow elementor-widget-divider--view-line elementor-widget elementor-widget-divider\" data-id=\"5ea4ea4\" data-element_type=\"widget\" data-settings=\"{&quot;_animation&quot;:&quot;none&quot;}\" data-widget_type=\"divider.default\">\n\t\t\t\t<div class=\"elementor-widget-container\">\n\t\t\t\t\t\t\t<div class=\"elementor-divider\">\n\t\t\t<span class=\"elementor-divider-separator\">\n\t\t\t\t\t\t<\/span>\n\t\t<\/div>\n\t\t\t\t\t\t<\/div>\n\t\t\t\t<\/div>\n\t\t\t\t<div class=\"elementor-element elementor-element-2bde1b2 animated-slow elementor-widget elementor-widget-text-editor\" data-id=\"2bde1b2\" data-element_type=\"widget\" data-settings=\"{&quot;_animation&quot;:&quot;none&quot;}\" data-widget_type=\"text-editor.default\">\n\t\t\t\t<div class=\"elementor-widget-container\">\n\t\t\t\t\t\t\t\t\t<p>\u2714 V\u00f6llige Freiheit in der Mobilit\u00e4t: Genie\u00dfen Sie das Fahren Ihres bevorzugten Fahrzeugs in aller Ruhe, nach Ihrem eigenen Zeitplan und ohne zus\u00e4tzliche Verpflichtungen.<br \/><br \/>\u2714 Vielf\u00e4ltige Flotte f\u00fcr alle Bed\u00fcrfnisse: Luxusautos, Sportwagen, Familienfahrzeuge, Economy-Modelle und mehr \u2013 w\u00e4hlen Sie das perfekte Fahrzeug f\u00fcr sich aus.<br \/><br \/>\u2714 Wettbewerbsf\u00e4hige Preise und verlockende Angebote: Wir bieten die besten Preise und Mietoptionen f\u00fcr den Tag, die Woche oder den Monat, die zu Ihrem Budget passen.<br \/><br \/>\u2714 Schnelle und einfache Buchung: Buchen Sie Ihr Auto ganz einfach \u00fcber das Kontaktformular auf unserer Website oder per WhatsApp und holen Sie es zur gew\u00fcnschten Zeit und am gew\u00fcnschten Ort ab.<br \/><br \/>\u2714 Moderne Fahrzeuge mit h\u00f6chsten Sicherheitsstandards: Alle unsere Fahrzeuge werden regelm\u00e4\u00dfig gepr\u00fcft, um ein sicheres und komfortables Fahrerlebnis zu gew\u00e4hrleisten.<\/p>\t\t\t\t\t\t\t\t<\/div>\n\t\t\t\t<\/div>\n\t\t\t\t<\/div>\n\t\t\t\t<\/div>\n\t\t\t\t<\/div>\n\t\t\t\t<section class=\"elementor-section elementor-top-section elementor-element elementor-element-77146a3 elementor-section-boxed elementor-section-height-default elementor-section-height-default\" data-id=\"77146a3\" data-element_type=\"section\">\n\t\t\t\t\t\t<div class=\"elementor-container elementor-column-gap-default\">\n\t\t\t\t\t<div class=\"elementor-column elementor-col-100 elementor-top-column elementor-element elementor-element-207c5ff\" data-id=\"207c5ff\" data-element_type=\"column\">\n\t\t\t<div class=\"elementor-widget-wrap elementor-element-populated\">\n\t\t\t\t\t\t<section class=\"elementor-section elementor-inner-section elementor-element elementor-element-4c87550 elementor-section-full_width elementor-section-height-default elementor-section-height-default\" data-id=\"4c87550\" data-element_type=\"section\">\n\t\t\t\t\t\t<div class=\"elementor-container elementor-column-gap-default\">\n\t\t\t\t\t<div class=\"elementor-column elementor-col-50 elementor-inner-column elementor-element elementor-element-2a02ed6\" data-id=\"2a02ed6\" data-element_type=\"column\">\n\t\t\t<div class=\"elementor-widget-wrap elementor-element-populated\">\n\t\t\t\t\t\t<div class=\"elementor-element elementor-element-69a0d34 elementor-widget elementor-widget-heading\" data-id=\"69a0d34\" data-element_type=\"widget\" data-widget_type=\"heading.default\">\n\t\t\t\t<div class=\"elementor-widget-container\">\n\t\t\t\t\t<h2 class=\"elementor-heading-title elementor-size-default\">Kontaktieren Sie uns f\u00fcr alle Anfragen<\/h2>\t\t\t\t<\/div>\n\t\t\t\t<\/div>\n\t\t\t\t<div class=\"elementor-element elementor-element-7a02051 elementor-widget elementor-widget-text-editor\" data-id=\"7a02051\" data-element_type=\"widget\" data-widget_type=\"text-editor.default\">\n\t\t\t\t<div class=\"elementor-widget-container\">\n\t\t\t\t\t\t\t\t\t<p>Profitieren Sie von unserer Expertise im Bereich Autovermietung, Reisen und vielf\u00e4ltigen Dienstleistungen! Kontaktieren Sie uns bei Al-Bayan f\u00fcr Fragen oder spezifische Serviceanfragen. Wir sind hier, um Ihnen mit allem, was Sie brauchen, zu helfen und passende L\u00f6sungen anzubieten.<\/p>\t\t\t\t\t\t\t\t<\/div>\n\t\t\t\t<\/div>\n\t\t\t\t\t<\/div>\n\t\t<\/div>\n\t\t\t\t<div class=\"elementor-column elementor-col-50 elementor-inner-column elementor-element elementor-element-6dd336b\" data-id=\"6dd336b\" data-element_type=\"column\">\n\t\t\t<div class=\"elementor-widget-wrap elementor-element-populated\">\n\t\t\t\t\t\t<div class=\"elementor-element elementor-element-6cbecf0 elementor-align-center animated-slow elementor-widget elementor-widget-button\" data-id=\"6cbecf0\" data-element_type=\"widget\" data-settings=\"{&quot;_animation&quot;:&quot;none&quot;}\" data-widget_type=\"button.default\">\n\t\t\t\t<div class=\"elementor-widget-container\">\n\t\t\t\t\t\t\t\t\t<div class=\"elementor-button-wrapper\">\n\t\t\t\t\t<a class=\"elementor-button elementor-button-link elementor-size-sm elementor-animation-float\" href=\"https:\/\/wa.me\/4915259555000\">\n\t\t\t\t\t\t<span class=\"elementor-button-content-wrapper\">\n\t\t\t\t\t\t\t\t\t<span class=\"elementor-button-text\">Kontaktieren Sie uns per WhatsApp<\/span>\n\t\t\t\t\t<\/span>\n\t\t\t\t\t<\/a>\n\t\t\t\t<\/div>\n\t\t\t\t\t\t\t\t<\/div>\n\t\t\t\t<\/div>\n\t\t\t\t\t<\/div>\n\t\t<\/div>\n\t\t\t\t\t<\/div>\n\t\t<\/section>\n\t\t\t\t\t<\/div>\n\t\t<\/div>\n\t\t\t\t\t<\/div>\n\t\t<\/section>\n\t\t\t\t<\/div>","protected":false},"excerpt":{"rendered":"<p>\u062e\u062f\u0645\u0627\u062a \u0634\u0631\u0643\u0629 Auto Go City \u062a\u0648\u0627\u0635\u0644 \u0645\u0639\u0646\u0627 \u062a\u0648\u0627\u0635\u0644 \u0639\u0644\u0649 \u0648\u0627\u062a\u0633\u0627\u0628 \u0645\u0628\u0627\u0634\u0631\u0629 \u062a\u0623\u062c\u064a\u0631 \u0633\u064a\u0627\u0631\u0627\u062a \u0645\u0639 \u0633\u0627\u0626\u0642 \u2013 \u0631\u062d\u0644\u062a\u0643\u060c \u0631\u0627\u062d\u062a\u0643\u060c \u0648\u0631\u0641\u0627\u0647\u064a\u062a\u0643 \u0628\u0623\u064a\u062f\u064d \u0623\u0645\u064a\u0646\u0629! \u0627\u0633\u062a\u0645\u062a\u0639 \u0628\u0631\u062d\u0644\u0629 \u0641\u0627\u062e\u0631\u0629 \u0648\u0645\u0631\u064a\u062d\u0629 \u0645\u0639 \u062e\u062f\u0645\u0629 \u062a\u0623\u062c\u064a\u0631 \u0627\u0644\u0633\u064a\u0627\u0631\u0627\u062a \u0645\u0639 \u0633\u0627\u0626\u0642 \u0645\u0646 Auto Go City\u060c \u062d\u064a\u062b \u0646\u0648\u0641\u0631 \u0644\u0643 \u0633\u0627\u0626\u0642\u064a\u0646 \u0645\u062d\u062a\u0631\u0641\u064a\u0646 \u0644\u0636\u0645\u0627\u0646 \u062a\u062c\u0631\u0628\u0629 \u062a\u0646\u0642\u0644 \u0627\u0633\u062a\u062b\u0646\u0627\u0626\u064a\u0629 \u0628\u0643\u0644 \u0645\u0639\u0627\u064a\u064a\u0631 \u0627\u0644\u062c\u0648\u062f\u0629 \u0648\u0627\u0644\u0623\u0645\u0627\u0646. \u0633\u0648\u0627\u0621 \u0643\u0646\u062a \u0641\u064a \u0631\u062d\u0644\u0629 \u0639\u0645\u0644\u060c \u0623\u0648 \u062c\u0648\u0644\u0629 [&hellip;]<\/p>","protected":false},"author":1,"featured_media":0,"parent":0,"menu_order":0,"comment_status":"closed","ping_status":"closed","template":"elementor_header_footer","meta":{"_joinchat":[],"footnotes":""},"class_list":["post-49","page","type-page","status-publish","hentry"],"blocksy_meta":[],"_links":{"self":[{"href":"https:\/\/autogocity.com\/de\/wp-json\/wp\/v2\/pages\/49","targetHints":{"allow":["GET"]}}],"collection":[{"href":"https:\/\/autogocity.com\/de\/wp-json\/wp\/v2\/pages"}],"about":[{"href":"https:\/\/autogocity.com\/de\/wp-json\/wp\/v2\/types\/page"}],"author":[{"embeddable":true,"href":"https:\/\/autogocity.com\/de\/wp-json\/wp\/v2\/users\/1"}],"replies":[{"embeddable":true,"href":"https:\/\/autogocity.com\/de\/wp-json\/wp\/v2\/comments?post=49"}],"version-history":[{"count":54,"href":"https:\/\/autogocity.com\/de\/wp-json\/wp\/v2\/pages\/49\/revisions"}],"predecessor-version":[{"id":3306,"href":"https:\/\/autogocity.com\/de\/wp-json\/wp\/v2\/pages\/49\/revisions\/3306"}],"wp:attachment":[{"href":"https:\/\/autogocity.com\/de\/wp-json\/wp\/v2\/media?parent=49"}],"curies":[{"name":"wp","href":"https:\/\/api.w.org\/{rel}","templated":true}]}}